{"id":392,"date":"2020-01-04T13:36:44","date_gmt":"2020-01-04T13:36:44","guid":{"rendered":"http:\/\/artevida.pl\/?page_id=392"},"modified":"2022-07-31T17:13:44","modified_gmt":"2022-07-31T17:13:44","slug":"slownik","status":"publish","type":"page","link":"https:\/\/artevida.pl\/index.php\/slownik\/","title":{"rendered":"S\u0142ownik"},"content":{"rendered":"\n<div id=\"ez-toc-container\" class=\"ez-toc-v2_0_71 counter-hierarchy ez-toc-counter ez-toc-custom ez-toc-container-direction\">\n<p class=\"ez-toc-title\" style=\"cursor:inherit\">Spis Tre\u015bci<\/p>\n<label for=\"ez-toc-cssicon-toggle-item-69f1ce0549ef8\" class=\"ez-toc-cssicon-toggle-label\"><span class=\"\"><span class=\"eztoc-hide\" style=\"display:none;\">Toggle<\/span><span class=\"ez-toc-icon-toggle-span\"><svg style=\"fill: #dddddd;color:#dddddd\" xmlns=\"http:\/\/www.w3.org\/2000\/svg\" class=\"list-377408\" width=\"20px\" height=\"20px\" viewBox=\"0 0 24 24\" fill=\"none\"><path d=\"M6 6H4v2h2V6zm14 0H8v2h12V6zM4 11h2v2H4v-2zm16 0H8v2h12v-2zM4 16h2v2H4v-2zm16 0H8v2h12v-2z\" fill=\"currentColor\"><\/path><\/svg><svg style=\"fill: #dddddd;color:#dddddd\" class=\"arrow-unsorted-368013\" xmlns=\"http:\/\/www.w3.org\/2000\/svg\" width=\"10px\" height=\"10px\" viewBox=\"0 0 24 24\" version=\"1.2\" baseProfile=\"tiny\"><path d=\"M18.2 9.3l-6.2-6.3-6.2 6.3c-.2.2-.3.4-.3.7s.1.5.3.7c.2.2.4.3.7.3h11c.3 0 .5-.1.7-.3.2-.2.3-.5.3-.7s-.1-.5-.3-.7zM5.8 14.7l6.2 6.3 6.2-6.3c.2-.2.3-.5.3-.7s-.1-.5-.3-.7c-.2-.2-.4-.3-.7-.3h-11c-.3 0-.5.1-.7.3-.2.2-.3.5-.3.7s.1.5.3.7z\"\/><\/svg><\/span><\/span><\/label><input type=\"checkbox\"  id=\"ez-toc-cssicon-toggle-item-69f1ce0549ef8\" checked aria-label=\"Toggle\" \/><nav><ul class='ez-toc-list ez-toc-list-level-1 ' ><li class='ez-toc-page-1 ez-toc-heading-level-2'><a class=\"ez-toc-link ez-toc-heading-1\" href=\"https:\/\/artevida.pl\/index.php\/slownik\/#KREDYTOBIORCA\" title=\"KREDYTOBIORCA\">KREDYTOBIORCA<\/a><\/li><li class='ez-toc-page-1 ez-toc-heading-level-2'><a class=\"ez-toc-link ez-toc-heading-2\" href=\"https:\/\/artevida.pl\/index.php\/slownik\/#KREDYTODAWCA\" title=\"KREDYTODAWCA\">KREDYTODAWCA<\/a><\/li><li class='ez-toc-page-1 ez-toc-heading-level-2'><a class=\"ez-toc-link ez-toc-heading-3\" href=\"https:\/\/artevida.pl\/index.php\/slownik\/#HIPOTEKA\" title=\"HIPOTEKA\">HIPOTEKA<\/a><\/li><li class='ez-toc-page-1 ez-toc-heading-level-2'><a class=\"ez-toc-link ez-toc-heading-4\" href=\"https:\/\/artevida.pl\/index.php\/slownik\/#KREDYT_HIPOTECZNY\" title=\"KREDYT HIPOTECZNY\">KREDYT HIPOTECZNY<\/a><\/li><li class='ez-toc-page-1 ez-toc-heading-level-2'><a class=\"ez-toc-link ez-toc-heading-5\" href=\"https:\/\/artevida.pl\/index.php\/slownik\/#POZYCZKA_HIPOTECZNA\" title=\"PO\u017bYCZKA HIPOTECZNA\">PO\u017bYCZKA HIPOTECZNA<\/a><\/li><li class='ez-toc-page-1 ez-toc-heading-level-2'><a class=\"ez-toc-link ez-toc-heading-6\" href=\"https:\/\/artevida.pl\/index.php\/slownik\/#KREDYT_KONSOLIDACYJNY\" title=\"KREDYT KONSOLIDACYJNY\">KREDYT KONSOLIDACYJNY<\/a><\/li><li class='ez-toc-page-1 ez-toc-heading-level-2'><a class=\"ez-toc-link ez-toc-heading-7\" href=\"https:\/\/artevida.pl\/index.php\/slownik\/#ZDOLNOSC_KREDYTOWA\" title=\"ZDOLNO\u015a\u0106 KREDYTOWA\">ZDOLNO\u015a\u0106 KREDYTOWA<\/a><\/li><li class='ez-toc-page-1 ez-toc-heading-level-2'><a class=\"ez-toc-link ez-toc-heading-8\" href=\"https:\/\/artevida.pl\/index.php\/slownik\/#HISTORIA_KREDYTOWA\" title=\"HISTORIA KREDYTOWA\">HISTORIA KREDYTOWA<\/a><\/li><li class='ez-toc-page-1 ez-toc-heading-level-2'><a class=\"ez-toc-link ez-toc-heading-9\" href=\"https:\/\/artevida.pl\/index.php\/slownik\/#OKRES_KREDYTOWANIA\" title=\"OKRES KREDYTOWANIA\">OKRES KREDYTOWANIA<\/a><\/li><li class='ez-toc-page-1 ez-toc-heading-level-2'><a class=\"ez-toc-link ez-toc-heading-10\" href=\"https:\/\/artevida.pl\/index.php\/slownik\/#OKRES_SPLATY\" title=\"OKRES SP\u0141ATY\">OKRES SP\u0141ATY<\/a><\/li><li class='ez-toc-page-1 ez-toc-heading-level-2'><a class=\"ez-toc-link ez-toc-heading-11\" href=\"https:\/\/artevida.pl\/index.php\/slownik\/#WALUTA_KREDYTU\" title=\"WALUTA KREDYTU\">WALUTA KREDYTU<\/a><\/li><\/ul><\/nav><\/div>\n<h2 class=\"has-very-light-gray-color has-text-color wp-block-heading\"><span class=\"ez-toc-section\" id=\"KREDYTOBIORCA\"><\/span><strong>KREDYTOBIORCA<\/strong><span class=\"ez-toc-section-end\"><\/span><\/h2>\n\n\n\n<p class=\"has-very-light-gray-color has-text-color\">Kredytobiorca  to osoba fizyczna, prawna lub jednostka organizacyjna nieposiadaj\u0105ca osobowo\u015bci prawnej, kt\u00f3ra otrzyma\u0142a od kredytodawcy kredyt. W polskim prawie poj\u0119cie kredytobiorcy odnosi si\u0119 tylko do kredytu bankowego; osoba fizyczna, kt\u00f3ra zaci\u0105gn\u0119\u0142a kredyt konsumencki w rozumieniu Ustawy o kredycie konsumenckim, jest okre\u015blana mianem konsumenta. Kredytobiorca jest zobowi\u0105zany do korzystania z udost\u0119pnionej kwoty na warunkach okre\u015blonych w umowie, zwrotu kwoty wykorzystanego kredytu wraz z odsetkami w oznaczonych terminach sp\u0142aty, zap\u0142aty prowizji od udzielonego kredytu, a tak\u017ce do umo\u017cliwienia podejmowanie przez bank czynno\u015bci zwi\u0105zanych z ocen\u0105 sytuacji finansowej i gospodarczej oraz kontrol\u0119 wykorzystania i sp\u0142aty kredytu. Powy\u017csze dotyczy tak\u017ce konsumenta, kt\u00f3ry zaci\u0105gn\u0105\u0142 kredyt konsumencki w banku.<\/p>\n\n\n\n<h2 class=\"has-very-light-gray-color has-text-color wp-block-heading\"><span class=\"ez-toc-section\" id=\"KREDYTODAWCA\"><\/span><strong>KREDYTODAWCA<\/strong><span class=\"ez-toc-section-end\"><\/span><\/h2>\n\n\n\n<p class=\"has-very-light-gray-color has-text-color\">Kredytodawca to osoba fizyczna, prawna lub jednostka organizacyjna nieposiadaj\u0105ca osobowo\u015bci prawnej, kt\u00f3ra udziela kredytobiorcy kredytu. W polskich warunkach prawnych kredytodawc\u0105 mo\u017ce by\u0107: przedsi\u0119biorca, kt\u00f3ry w zakresie swojej dzia\u0142alno\u015bci gospodarczej lub zawodowej udziela lub daje przyrzeczenie udzielenia konsumentowi kredytu (w tym m.in. bank) \u2013 w przypadku kredyt\u00f3w konsumenckich w rozumieniu Ustawy o kredycie konsumenckim, bank \u2013 w przypadku pozosta\u0142ych kredyt\u00f3w.<br>Bank b\u0119d\u0105cy kredytodawc\u0105 ma prawo do prowadzenia czynno\u015bci zwi\u0105zanych z ocen\u0105 sytuacji finansowej i gospodarczej kredytobiorcy oraz kontroli wykorzystania i sp\u0142aty kredytu.<\/p>\n\n\n\n<h2 class=\"has-very-light-gray-color has-text-color wp-block-heading\"><span class=\"ez-toc-section\" id=\"HIPOTEKA\"><\/span><strong> HIPOTEKA<\/strong><span class=\"ez-toc-section-end\"><\/span><\/h2>\n\n\n\n<p class=\"has-very-light-gray-color has-text-color\"> <strong>Hipoteka<\/strong>&nbsp;stanowi spos\u00f3b zabezpieczenia&nbsp;&nbsp;kredytu na nieruchomo\u015bci (np. mieszkaniu) i jest form\u0105 zabezpieczenia stosowan\u0105 powszechnie przy kredytach i po\u017cyczkach hipotecznych. Na jej podstawie Bank udzielaj\u0105cy kredytu (wierzyciel) uzyskuje prawo do dochodzenia swojej wierzytelno\u015bci (kredytu) w przypadku nie wywi\u0105zywania si\u0119 z umowy przez kredytobiorc\u0119 (np.&nbsp;&nbsp;w przypadku braku sp\u0142at kredytu). <\/p>\n\n\n\n<h2 class=\"has-very-light-gray-color has-text-color wp-block-heading\"><span class=\"ez-toc-section\" id=\"KREDYT_HIPOTECZNY\"><\/span><strong> KREDYT HIPOTECZNY <\/strong><span class=\"ez-toc-section-end\"><\/span><\/h2>\n\n\n\n<p class=\"has-very-light-gray-color has-text-color\"> <strong>Kredyt hipoteczny<\/strong>&nbsp;jest kredytem zabezpieczonym hipotek\u0105. G\u0142\u00f3wnym warunkiem stawianym kredytobiorcy jest okre\u015blony cel kredytowania, kt\u00f3rym powinna by\u0107 nabywana ze \u015brodk\u00f3w kredytu nieruchomo\u015b\u0107. Kredyt hipoteczny mo\u017cesz uzyska\u0107 na zakup mieszkania, budow\u0119 lub remont domu.&nbsp;&nbsp;&nbsp;Z uwagi na wysoko\u015b\u0107 po\u017cyczanych \u015brodk\u00f3w, jego sp\u0142ata jest przewidziana na kilkadziesi\u0105t lat (<strong><em>u nas okres sp\u0142aty mo\u017ce wynosi\u0107 nawet&nbsp;&nbsp;50 lat!<\/em><\/strong><em>).<\/em>W odr\u00f3\u017cnieniu od&nbsp;<strong><em>kredytu hipotecznego<\/em><\/strong>, kredyt zabezpieczony nieruchomo\u015bci\u0105&nbsp;&nbsp;przeznaczony na inny (zwykle dowolny) cel, nazywany jest&nbsp;&nbsp;<strong><em>po\u017cyczk\u0105 hipoteczn\u0105<\/em><\/strong>. <\/p>\n\n\n\n<h2 class=\"has-very-light-gray-color has-text-color wp-block-heading\"><span class=\"ez-toc-section\" id=\"POZYCZKA_HIPOTECZNA\"><\/span><strong> PO\u017bYCZKA HIPOTECZNA<\/strong><span class=\"ez-toc-section-end\"><\/span><\/h2>\n\n\n\n<p class=\"has-very-light-gray-color has-text-color\"> <strong>Po\u017cyczka hipoteczna<\/strong>&nbsp;jest korzystna, gdy chcesz po\u017cyczy\u0107 du\u017c\u0105 kwot\u0119 pieni\u0119dzy, na d\u0142ugi okres czasu, bez konieczno\u015bci okre\u015blania celu jej wydania. Zabezpieczeniem sp\u0142aty kredytu b\u0119dzie w\u00f3wczas nieruchomo\u015b\u0107. <\/p>\n\n\n\n<h2 class=\"has-very-light-gray-color has-text-color wp-block-heading\"><span class=\"ez-toc-section\" id=\"KREDYT_KONSOLIDACYJNY\"><\/span><strong> KREDYT KONSOLIDACYJNY<\/strong><span class=\"ez-toc-section-end\"><\/span><\/h2>\n\n\n\n<p class=\"has-very-light-gray-color has-text-color\"><strong>Kredyt konsolidacyjny<\/strong>&nbsp;&nbsp;to po prostu zamiana kilku kredyt\u00f3w na jeden (skonsolidowany).&nbsp;<br>Je\u017celi masz kilka kredyt\u00f3w w r\u00f3\u017cnych bankach, musisz pami\u0119ta\u0107 o kilku ratach, p\u0142atnych w r\u00f3\u017cnych terminach, mo\u017cesz zamieni\u0107 je w jeden \u2013 cz\u0119sto ni\u017cej oprocentowany, udzielany na d\u0142u\u017cszy okres, wygodniejszy do sp\u0142acenia.&nbsp;<br>Kredytodawca (bank) udziela Ci jednego kredytu na ca\u0142\u0105 kwot\u0119 zad\u0142u\u017cenia i dokonuje wp\u0142at na wszystkie Twoje kredyty, a czasem wyp\u0142aca Ci dodatkow\u0105 kwot\u0119 na dowolny cel. <\/p>\n\n\n\n<h2 class=\"has-very-light-gray-color has-text-color wp-block-heading\"><span class=\"ez-toc-section\" id=\"ZDOLNOSC_KREDYTOWA\"><\/span><strong> ZDOLNO\u015a\u0106 KREDYTOWA <\/strong><span class=\"ez-toc-section-end\"><\/span><\/h2>\n\n\n\n<p class=\"has-very-light-gray-color has-text-color\"> Podstawowym warunkiem otrzymania po\u017cyczki w banku jest&nbsp;<strong>zdolno\u015b\u0107 kredytowa<\/strong>&nbsp;<em>(<strong><em>zdolno\u015b\u0107 do sp\u0142aty kredytu)<\/em><\/strong>.&nbsp;<\/em>Nasza zdolno\u015b\u0107 kredytowa jest okre\u015blana na podstawie naszej&nbsp;&nbsp;sytuacji&nbsp;&nbsp;finansowej: poziomu naszych dochod\u00f3w oraz zobowi\u0105za\u0144 (d\u0142ug\u00f3w). Na podstawie naszej zdolno\u015bci kredytowej bank okre\u015bli jak du\u017c\u0105 kwot\u0119 kredytu lub po\u017cyczki mo\u017cemy otrzyma\u0107 aby\u015bmy byli w stanie j\u0105 sp\u0142aca\u0107 bez problemu.Drugim istotnym aspektem dotycz\u0105cym zdolno\u015bci kredytowej jest warto\u015b\u0107 nieruchomo\u015bci, kt\u00f3ra b\u0119dzie stanowi\u0107 zabezpieczenie hipoteczne. Zazwyczaj banki&nbsp;&nbsp;udzielaj\u0105 kredyt\u00f3w w maksymalnej warto\u015bci r\u00f3wnej 100% warto\u015bci nieruchomo\u015bci, a cz\u0119\u015b\u0107 bank\u00f3w ustala t\u0119 granic\u0119 poni\u017cej.&nbsp; <\/p>\n\n\n\n<h2 class=\"has-very-light-gray-color has-text-color wp-block-heading\"><span class=\"ez-toc-section\" id=\"HISTORIA_KREDYTOWA\"><\/span><strong> HISTORIA KREDYTOWA <\/strong><span class=\"ez-toc-section-end\"><\/span><\/h2>\n\n\n\n<p class=\"has-very-light-gray-color has-text-color\">&#8222;<strong>Historia kredytowa<\/strong> to wszystkie dane zgromadzone w <a href=\"https:\/\/www.bik.pl\">BIK<\/a> na temat Twoich kredyt\u00f3w &#8211; tych, kt\u00f3re aktualnie sp\u0142acasz i tych ju\u017c sp\u0142aconych. Jedn\u0105 z kluczowych informacji jest to, czy sp\u0142aty s\u0105 (lub by\u0142y) regulowane w terminie&#8230;.<br><strong>Sk\u0105d si\u0119 bierze Twoja historia kredytowa w BIK?<\/strong><br>Twoje dane s\u0105 przesy\u0142ane do BIK za ka\u017cdym razem, kiedy starasz si\u0119 o jaki\u015b produkt kredytowy w banku lub innej instytucji finansowej wsp\u00f3\u0142pracuj\u0105cej z BIK. Nast\u0119pnie, ju\u017c po udzieleniu Ci kredytu, do BIK regularnie sp\u0142ywaj\u0105 informacje o tym, jak sp\u0142acasz swoje zobowi\u0105zania &#8211; w terminie czy z op\u00f3\u017anieniami. Dane te s\u0105 przekazywane (aktualizowane) przynajmniej raz w tygodniu a\u017c do ca\u0142kowitej sp\u0142aty zobowi\u0105zania.&#8221;<br><em>\u0179r\u00f3d\u0142o: <a href=\"https:\/\/www.bik.pl\/poradnik-bik\/czym-jest-historia-kredytowa\">BIK<\/a><\/em><\/p>\n\n\n\n<h2 class=\"has-very-light-gray-color has-text-color wp-block-heading\"><span class=\"ez-toc-section\" id=\"OKRES_KREDYTOWANIA\"><\/span><strong>OKRES KREDYTOWANIA <\/strong><span class=\"ez-toc-section-end\"><\/span><\/h2>\n\n\n\n<p class=\"has-very-light-gray-color has-text-color\">Okres kredytowania jest to czas od udost\u0119pnienia przez kredytodawc\u0119 kredytobiorcy \u015brodk\u00f3w do dyspozycji do momentu zwrotu przez kredytobiorc\u0119 ca\u0142ej sumy udost\u0119pnionych \u015brodk\u00f3w  wraz z nale\u017cnymi kredytodawcy odsetkami.<\/p>\n\n\n\n<h2 class=\"has-very-light-gray-color has-text-color wp-block-heading\"><span class=\"ez-toc-section\" id=\"OKRES_SPLATY\"><\/span><strong>OKRES SP\u0141ATY<\/strong><span class=\"ez-toc-section-end\"><\/span><\/h2>\n\n\n\n<p class=\"has-very-light-gray-color has-text-color\"><strong>Okres sp\u0142aty kredytu<\/strong> mo\u017cna okre\u015bli\u0107 r\u00f3wnie\u017c jako <strong>d\u0142ugo\u015b\u0107 okresu kredytowania<\/strong> czyli czas na jaki zostaje udzielony kredyt. <br>W Bankach okres kredytowania zale\u017cy od rodzaju kredytu i tak np.dla kredyt\u00f3w got\u00f3wkowych okres ten wynosi zazwyczaj od 3-6 miesi\u0119cy&nbsp;do&nbsp;ok. 8-10 lat. <strong>Minimalny okres<\/strong> kredytowania <strong>dla kredyt\u00f3w hipotecznych<\/strong> <strong>to okres ok. 5 lat<\/strong>. Od 2014 r. maksymalny okres sp\u0142aty nowo przyznanego kredytu hipotecznego wynosi&nbsp;<strong>35 lat<\/strong>, zgodnie z nakazem Rekomendacji Komisji Nadzoru Finansowego. <br>Na d\u0142ugo\u015b\u0107 okresu kredytowania ma wp\u0142yw r\u00f3wnie\u017c wiek kredytobiorcy. Zazwyczaj suma wieku kredytobiorcy w momencie zaci\u0105gania kredytu hipotecznego oraz d\u0142ugo\u015bci okresu sp\u0142aty&nbsp;nie mo\u017ce przekracza\u0107 70-80 lat. Wynika z tego m.in., \u017ce np. 60-latek nie zaci\u0105gnie kredytu hipotecznego na d\u0142u\u017cej ni\u017c 10, a w wyj\u0105tkowych sytuacjach 20 lat.<\/p>\n\n\n\n<h2 class=\"has-very-light-gray-color has-text-color wp-block-heading\"><span class=\"ez-toc-section\" id=\"WALUTA_KREDYTU\"><\/span><strong>WALUTA KREDYTU<\/strong><span class=\"ez-toc-section-end\"><\/span><\/h2>\n\n\n\n<p class=\"has-very-light-gray-color has-text-color\"><strong>Waluta kredytu<\/strong>&nbsp;to waluta, w jakiej mo\u017cemy zaci\u0105gn\u0105\u0107 kredyt, np. hipoteczny. Jeszcze niedawno kredyty hipoteczne by\u0142y dost\u0119pne zar\u00f3wno w walucie w\u0142asnej &#8211; z\u0142otych (PLN), jak i obcej &#8211; we frankach szwajcarskich (CHF), w dolarach ameryka\u0144skich (USD) i w euro (EUR). Obecnie, praktycznie wszystkie banki udzielaj\u0105 kredyt\u00f3w hipotecznych tylko w polskich z\u0142otych.<\/p>\n","protected":false},"excerpt":{"rendered":"<p>KREDYTOBIORCA Kredytobiorca to osoba fizyczna, prawna lub jednostka organizacyjna nieposiadaj\u0105ca osobowo\u015bci prawnej, kt\u00f3ra otrzyma\u0142a od kredytodawcy kredyt. W polskim prawie poj\u0119cie kredytobiorcy odnosi si\u0119 tylko do kredytu bankowego; osoba fizyczna, kt\u00f3ra zaci\u0105gn\u0119\u0142a kredyt konsumencki w rozumieniu Ustawy o kredycie konsumenckim, jest okre\u015blana mianem konsumenta. Kredytobiorca jest zobowi\u0105zany do korzystania z [&hellip;]<\/p>\n","protected":false},"author":1,"featured_media":0,"parent":0,"menu_order":0,"comment_status":"closed","ping_status":"closed","template":"","meta":{"ngg_post_thumbnail":0,"footnotes":""},"class_list":["post-392","page","type-page","status-publish","hentry"],"_links":{"self":[{"href":"https:\/\/artevida.pl\/index.php\/wp-json\/wp\/v2\/pages\/392","targetHints":{"allow":["GET"]}}],"collection":[{"href":"https:\/\/artevida.pl\/index.php\/wp-json\/wp\/v2\/pages"}],"about":[{"href":"https:\/\/artevida.pl\/index.php\/wp-json\/wp\/v2\/types\/page"}],"author":[{"embeddable":true,"href":"https:\/\/artevida.pl\/index.php\/wp-json\/wp\/v2\/users\/1"}],"replies":[{"embeddable":true,"href":"https:\/\/artevida.pl\/index.php\/wp-json\/wp\/v2\/comments?post=392"}],"version-history":[{"count":22,"href":"https:\/\/artevida.pl\/index.php\/wp-json\/wp\/v2\/pages\/392\/revisions"}],"predecessor-version":[{"id":226878,"href":"https:\/\/artevida.pl\/index.php\/wp-json\/wp\/v2\/pages\/392\/revisions\/226878"}],"wp:attachment":[{"href":"https:\/\/artevida.pl\/index.php\/wp-json\/wp\/v2\/media?parent=392"}],"curies":[{"name":"wp","href":"https:\/\/api.w.org\/{rel}","templated":true}]}}